{"id":15,"date":"2025-08-06T07:07:00","date_gmt":"2025-08-06T11:07:00","guid":{"rendered":"https:\/\/wpocean.com\/wp\/charitio\/?page_id=15"},"modified":"2025-06-26T12:52:37","modified_gmt":"2025-06-26T12:52:37","slug":"nosotros","status":"publish","type":"page","link":"https:\/\/semillas.cc\/site\/es\/nosotros\/","title":{"rendered":"Nosotros"},"content":{"rendered":"\t\t<div data-elementor-type=\"wp-page\" data-elementor-id=\"15\" class=\"elementor elementor-15\" data-elementor-post-type=\"page\">\n\t\t\t\t<div class=\"elementor-element elementor-element-b51b4b5 e-flex e-con-boxed e-con e-parent\" data-id=\"b51b4b5\" data-element_type=\"container\" data-e-type=\"container\" data-settings=\"{&quot;background_background&quot;:&quot;classic&quot;}\">\n\t\t\t\t\t<div class=\"e-con-inner\">\n\t\t\t\t<div class=\"elementor-element elementor-element-ce22caf elementor-widget__width-initial elementor-invisible elementor-widget elementor-widget-heading\" data-id=\"ce22caf\" data-element_type=\"widget\" data-e-type=\"widget\" data-settings=\"{&quot;_animation&quot;:&quot;fadeIn&quot;}\" data-widget_type=\"heading.default\">\n\t\t\t\t\t<h1 class=\"elementor-heading-title elementor-size-default\">Nosotros<\/h1>\t\t\t\t<\/div>\n\t\t\t\t\t<\/div>\n\t\t\t\t<\/div>\n\t\t<div class=\"elementor-element elementor-element-1e5cd2d e-flex e-con-boxed e-con e-parent\" data-id=\"1e5cd2d\" data-element_type=\"container\" data-e-type=\"container\">\n\t\t\t\t\t<div class=\"e-con-inner\">\n\t\t\t\t<div class=\"elementor-element elementor-element-309cfe7 elementor-invisible elementor-widget elementor-widget-heading\" data-id=\"309cfe7\" data-element_type=\"widget\" data-e-type=\"widget\" data-settings=\"{&quot;_animation&quot;:&quot;fadeIn&quot;}\" data-widget_type=\"heading.default\">\n\t\t\t\t\t<h2 class=\"elementor-heading-title elementor-size-default\">Misi\u00f3n<\/h2>\t\t\t\t<\/div>\n\t\t\t\t<div class=\"elementor-element elementor-element-356bfa3 elementor-widget elementor-widget-text-editor\" data-id=\"356bfa3\" data-element_type=\"widget\" data-e-type=\"widget\" data-widget_type=\"text-editor.default\">\n\t\t\t\t\t\t\t\t\t<p>Dios escoge corazones <strong>dispuestos a servir<\/strong> y nos habla de diversas maneras. Por un lado, cuando Sebasti\u00e1n ten\u00eda 17 a\u00f1os, Dios le mostr\u00f3 a trav\u00e9s de un sue\u00f1o c\u00f3mo recorr\u00eda diferentes pa\u00edses, no en busca de reconocimiento ni de riquezas, sino con el objetivo de <strong>sembrar esperanza<\/strong>. Sin saber cu\u00e1ndo o de qu\u00e9 manera este sue\u00f1o se har\u00eda realidad, nunca dej\u00f3 de latir con fuerza. Por otro lado, cuando Polo ten\u00eda 33 a\u00f1os conoci\u00f3 a Cristo, le entreg\u00f3 su vida y entendi\u00f3 la <strong>importancia de tomar decisiones<\/strong>. Tiempo m\u00e1s tarde, ya con una familia conformada, experiment\u00f3 c\u00f3mo profesionales de otros pa\u00edses llegaban a bendecir al suyo. Poner en pr\u00e1ctica el amor al pr\u00f3jimo y ver de primera mano el compromiso con el que estas personas trabajaban para servir a Dios no solo conmovi\u00f3 la vida de Polo, sino que encendi\u00f3 una llama que nunca m\u00e1s se apagar\u00eda.<\/p><p>Lo cierto es que <strong>Dios siempre cumple con Su Palabra<\/strong> y finalmente cruz\u00f3 los caminos de aquel joven que so\u00f1\u00f3 con recorrer los pa\u00edses ayudando a los dem\u00e1s con el del hombre experimentado que ten\u00eda en su coraz\u00f3n llevar adelante este sentir. Ambos entendieron que esos anhelos llenos de fe y perseverancia que cada uno tuvo fueron el primer latido de lo que hoy es una realidad transformadora que solo se cumple en <strong>los tiempos perfectos de Dios<\/strong>.<\/p><p>De esta manera, en 2020, nace Semillas, una fundaci\u00f3n que brinda asistencia y <strong>transforma las vidas<\/strong> no solo de quienes reciben la ayuda, sino que tambi\u00e9n de las personas que dan.<\/p><p>En Semillas, nos dedicamos a compartir el talento que Dios nos dio para <strong>bendecir y dar al pr\u00f3jimo<\/strong>. A trav\u00e9s de visitas con <strong>brigadas m\u00e9dicas<\/strong>, la creaci\u00f3n y el apoyo de comedores comunitarios y el desarrollo de <strong>programas educativos<\/strong>, llevamos la luz de Jes\u00fas a los corazones de quienes m\u00e1s lo necesitan.<\/p><p>Estamos convencidos de que cada plato de comida que servimos, cada ni\u00f1o que recibe educaci\u00f3n, cada familia que siente el calor de nuestro abrazo es una semilla que refleja <strong>el amor incondicional de Jes\u00fas<\/strong>.<\/p>\t\t\t\t\t\t\t\t<\/div>\n\t\t\t\t<div class=\"elementor-element elementor-element-020dddc elementor-invisible elementor-widget elementor-widget-heading\" data-id=\"020dddc\" data-element_type=\"widget\" data-e-type=\"widget\" data-settings=\"{&quot;_animation&quot;:&quot;fadeIn&quot;}\" data-widget_type=\"heading.default\">\n\t\t\t\t\t<h2 class=\"elementor-heading-title elementor-size-default\">Visi\u00f3n<\/h2>\t\t\t\t<\/div>\n\t\t\t\t<div class=\"elementor-element elementor-element-b003bc0 elementor-widget elementor-widget-text-editor\" data-id=\"b003bc0\" data-element_type=\"widget\" data-e-type=\"widget\" data-widget_type=\"text-editor.default\">\n\t\t\t\t\t\t\t\t\t<p>En Semillas, creemos que el amor de <strong>Jes\u00fas es el fundamento para transformar<\/strong> la vida de las personas e impactar en las comunidades a las que llegamos.<\/p><p>Nuestra <strong>visi\u00f3n<\/strong> es m\u00e1s que solo proporcionar recursos; es <strong>plantar una semilla<\/strong> de esperanza en los lugares <strong>donde existe una necesidad real<\/strong>, donde la desilusi\u00f3n ha echado ra\u00edces profundas. Nuestro anhelo es que cada acci\u00f3n que hagamos genere un <strong>impacto duradero<\/strong>, un eco que resuene mucho despu\u00e9s de que nos hayamos ido. Por ello, queremos establecer <strong>lazos s\u00f3lidos<\/strong> con iglesias <strong>locales<\/strong> y corazones dispuestos a recibir la bendici\u00f3n, asegur\u00e1ndonos de que la obra de Dios contin\u00fae con pasi\u00f3n y compromiso.<\/p><p>Las brigadas que hemos llevado a cabo nos han dado la experiencia necesaria para afirmar que, <strong>unidos en el prop\u00f3sito de servir, Dios nos da las herramientas<\/strong> para motivar a las personas locales, para que sean ellas quienes rieguen la semilla que plantamos para luego ver florecer el fruto.<\/p><p>Aunque las circunstancias puedan ser desafiantes, queremos <strong>que las personas reciban la salvaci\u00f3n y el amor de Dios que renueva y transforma. <\/strong><\/p>\t\t\t\t\t\t\t\t<\/div>\n\t\t\t\t<div class=\"elementor-element elementor-element-02a88a0 elementor-invisible elementor-widget elementor-widget-heading\" data-id=\"02a88a0\" data-element_type=\"widget\" data-e-type=\"widget\" data-settings=\"{&quot;_animation&quot;:&quot;fadeIn&quot;}\" data-widget_type=\"heading.default\">\n\t\t\t\t\t<h2 class=\"elementor-heading-title elementor-size-default\">Valores<\/h2>\t\t\t\t<\/div>\n\t\t<div class=\"elementor-element elementor-element-cf98a7b e-grid e-con-full e-con e-child\" data-id=\"cf98a7b\" data-element_type=\"container\" data-e-type=\"container\">\n\t\t<div class=\"elementor-element elementor-element-d85fa89 e-con-full e-flex e-con e-child\" data-id=\"d85fa89\" data-element_type=\"container\" data-e-type=\"container\">\n\t\t\t\t<div class=\"elementor-element elementor-element-eb569f5 elementor-invisible elementor-widget elementor-widget-heading\" data-id=\"eb569f5\" data-element_type=\"widget\" data-e-type=\"widget\" data-settings=\"{&quot;_animation&quot;:&quot;fadeIn&quot;}\" data-widget_type=\"heading.default\">\n\t\t\t\t\t<h3 class=\"elementor-heading-title elementor-size-default\">Servicio Intencionado<\/h3>\t\t\t\t<\/div>\n\t\t\t\t<div class=\"elementor-element elementor-element-7b6c5eb elementor-widget elementor-widget-text-editor\" data-id=\"7b6c5eb\" data-element_type=\"widget\" data-e-type=\"widget\" data-widget_type=\"text-editor.default\">\n\t\t\t\t\t\t\t\t\t<p>Nos comprometemos a <strong>servir al pr\u00f3jimo<\/strong> con <strong>prop\u00f3sito<\/strong>, puestos siempre los ojos en el <strong>ejemplo de Jes\u00fas<\/strong> en cada acci\u00f3n que realizamos.<\/p>\t\t\t\t\t\t\t\t<\/div>\n\t\t\t\t<\/div>\n\t\t<div class=\"elementor-element elementor-element-5957e04 e-con-full e-flex e-con e-child\" data-id=\"5957e04\" data-element_type=\"container\" data-e-type=\"container\">\n\t\t\t\t<div class=\"elementor-element elementor-element-a99527e elementor-invisible elementor-widget elementor-widget-heading\" data-id=\"a99527e\" data-element_type=\"widget\" data-e-type=\"widget\" data-settings=\"{&quot;_animation&quot;:&quot;fadeIn&quot;}\" data-widget_type=\"heading.default\">\n\t\t\t\t\t<h3 class=\"elementor-heading-title elementor-size-default\">transparencia e Integridad<\/h3>\t\t\t\t<\/div>\n\t\t\t\t<div class=\"elementor-element elementor-element-8d6148f elementor-widget elementor-widget-text-editor\" data-id=\"8d6148f\" data-element_type=\"widget\" data-e-type=\"widget\" data-widget_type=\"text-editor.default\">\n\t\t\t\t\t\t\t\t\t<p>Actuamos con <strong>honestidad y transparencia<\/strong> en todas nuestras actividades y finanzas, con una conducta \u00edntegra en todo momento.<\/p>\t\t\t\t\t\t\t\t<\/div>\n\t\t\t\t<\/div>\n\t\t<div class=\"elementor-element elementor-element-2aadf69 e-con-full e-flex e-con e-child\" data-id=\"2aadf69\" data-element_type=\"container\" data-e-type=\"container\">\n\t\t\t\t<div class=\"elementor-element elementor-element-adac413 elementor-invisible elementor-widget elementor-widget-heading\" data-id=\"adac413\" data-element_type=\"widget\" data-e-type=\"widget\" data-settings=\"{&quot;_animation&quot;:&quot;fadeIn&quot;}\" data-widget_type=\"heading.default\">\n\t\t\t\t\t<h3 class=\"elementor-heading-title elementor-size-default\">autosustentabilidad<\/h3>\t\t\t\t<\/div>\n\t\t\t\t<div class=\"elementor-element elementor-element-6d6e8ee elementor-widget elementor-widget-text-editor\" data-id=\"6d6e8ee\" data-element_type=\"widget\" data-e-type=\"widget\" data-widget_type=\"text-editor.default\">\n\t\t\t\t\t\t\t\t\t<p>Fomentamos la creaci\u00f3n de <strong>iniciativas autosustentables<\/strong> que aseguren el <strong>apoyo continuo<\/strong> a las comunidades a las que llegamos con las brigadas y los comedores.<\/p>\t\t\t\t\t\t\t\t<\/div>\n\t\t\t\t<\/div>\n\t\t<div class=\"elementor-element elementor-element-39cf286 e-con-full e-flex e-con e-child\" data-id=\"39cf286\" data-element_type=\"container\" data-e-type=\"container\">\n\t\t\t\t<div class=\"elementor-element elementor-element-e993c16 elementor-invisible elementor-widget elementor-widget-heading\" data-id=\"e993c16\" data-element_type=\"widget\" data-e-type=\"widget\" data-settings=\"{&quot;_animation&quot;:&quot;fadeIn&quot;}\" data-widget_type=\"heading.default\">\n\t\t\t\t\t<h3 class=\"elementor-heading-title elementor-size-default\">Impacto Duradero<\/h3>\t\t\t\t<\/div>\n\t\t\t\t<div class=\"elementor-element elementor-element-15d31b8 elementor-widget elementor-widget-text-editor\" data-id=\"15d31b8\" data-element_type=\"widget\" data-e-type=\"widget\" data-widget_type=\"text-editor.default\">\n\t\t\t\t\t\t\t\t\t<p>Nos enfocamos en generar un <strong>impacto profundo y duradero<\/strong> en las vidas de las personas y comunidades para que puedan <strong>recibir el incomparable amor de Dios<\/strong> y la esperanza que trae la semilla que plantamos en cada coraz\u00f3n.<\/p>\t\t\t\t\t\t\t\t<\/div>\n\t\t\t\t<\/div>\n\t\t\t\t<\/div>\n\t\t\t\t\t<\/div>\n\t\t\t\t<\/div>\n\t\t<div class=\"elementor-element elementor-element-398a346 e-flex e-con-boxed e-con e-parent\" data-id=\"398a346\" data-element_type=\"container\" data-e-type=\"container\" data-settings=\"{&quot;background_background&quot;:&quot;classic&quot;}\">\n\t\t\t\t\t<div class=\"e-con-inner\">\n\t\t\t\t<div class=\"elementor-element elementor-element-57a297c elementor-widget elementor-widget-heading\" data-id=\"57a297c\" data-element_type=\"widget\" data-e-type=\"widget\" data-widget_type=\"heading.default\">\n\t\t\t\t\t<h3 class=\"elementor-heading-title elementor-size-default\">\u00a1TU ayuda puede marcar la diferencia!<\/h3>\t\t\t\t<\/div>\n\t\t\t\t<div class=\"elementor-element elementor-element-5bc1546 elementor-widget elementor-widget-text-editor\" data-id=\"5bc1546\" data-element_type=\"widget\" data-e-type=\"widget\" data-widget_type=\"text-editor.default\">\n\t\t\t\t\t\t\t\t\t<p>Te invitamos a ser parte de <em>Semillas<\/em> en la misi\u00f3n de sembrar esperanza.<\/p><p>Puedes aportar tu tiempo, recursos o simplemente difundir lo que hacemos para que podamos llevar la palabra de Dios, amor y fe a aquellos que luchan, ayud\u00e1ndoles a encontrar un prop\u00f3sito y una raz\u00f3n para seguir adelante.<\/p>\t\t\t\t\t\t\t\t<\/div>\n\t\t\t\t\t<\/div>\n\t\t\t\t<\/div>\n\t\t\t\t<\/div>\n\t\t","protected":false},"excerpt":{"rendered":"<p>Nosotros Misi\u00f3n Dios escoge corazones dispuestos a servir y nos habla de diversas maneras. Por un lado, cuando Sebasti\u00e1n ten\u00eda 17 a\u00f1os, Dios le mostr\u00f3 a trav\u00e9s de un sue\u00f1o c\u00f3mo recorr\u00eda diferentes pa\u00edses, no en busca de reconocimiento ni de riquezas, sino con el objetivo de sembrar esperanza. Sin saber cu\u00e1ndo o de qu\u00e9 [&hellip;]<\/p>\n","protected":false},"author":1,"featured_media":0,"parent":0,"menu_order":0,"comment_status":"closed","ping_status":"closed","template":"elementor_header_footer","meta":{"footnotes":""},"class_list":["post-15","page","type-page","status-publish","hentry"],"_links":{"self":[{"href":"https:\/\/semillas.cc\/site\/wp-json\/wp\/v2\/pages\/15","targetHints":{"allow":["GET"]}}],"collection":[{"href":"https:\/\/semillas.cc\/site\/wp-json\/wp\/v2\/pages"}],"about":[{"href":"https:\/\/semillas.cc\/site\/wp-json\/wp\/v2\/types\/page"}],"author":[{"embeddable":true,"href":"https:\/\/semillas.cc\/site\/wp-json\/wp\/v2\/users\/1"}],"replies":[{"embeddable":true,"href":"https:\/\/semillas.cc\/site\/wp-json\/wp\/v2\/comments?post=15"}],"version-history":[{"count":16,"href":"https:\/\/semillas.cc\/site\/wp-json\/wp\/v2\/pages\/15\/revisions"}],"predecessor-version":[{"id":2573,"href":"https:\/\/semillas.cc\/site\/wp-json\/wp\/v2\/pages\/15\/revisions\/2573"}],"wp:attachment":[{"href":"https:\/\/semillas.cc\/site\/wp-json\/wp\/v2\/media?parent=15"}],"curies":[{"name":"wp","href":"https:\/\/api.w.org\/{rel}","templated":true}]}}