{"id":1834,"date":"2025-08-06T07:07:03","date_gmt":"2025-08-06T11:07:03","guid":{"rendered":"https:\/\/semillas.cc\/site\/?page_id=1834"},"modified":"2025-07-21T12:28:42","modified_gmt":"2025-07-21T16:28:42","slug":"brigada-san-vicente","status":"publish","type":"page","link":"https:\/\/semillas.cc\/site\/es\/brigada-san-vicente\/","title":{"rendered":"Brigada San Vicente"},"content":{"rendered":"\t\t<div data-elementor-type=\"wp-page\" data-elementor-id=\"1834\" class=\"elementor elementor-1834\" data-elementor-post-type=\"page\">\n\t\t\t\t<div class=\"elementor-element elementor-element-51a1d53 e-flex e-con-boxed e-con e-parent\" data-id=\"51a1d53\" data-element_type=\"container\" data-e-type=\"container\" data-settings=\"{&quot;background_background&quot;:&quot;classic&quot;}\">\n\t\t\t\t\t<div class=\"e-con-inner\">\n\t\t\t\t<div class=\"elementor-element elementor-element-17c487ff elementor-widget__width-initial elementor-invisible elementor-widget elementor-widget-heading\" data-id=\"17c487ff\" data-element_type=\"widget\" data-e-type=\"widget\" data-settings=\"{&quot;_animation&quot;:&quot;fadeIn&quot;}\" data-widget_type=\"heading.default\">\n\t\t\t\t\t<h1 class=\"elementor-heading-title elementor-size-default\">SAN VICENTE<\/h1>\t\t\t\t<\/div>\n\t\t\t\t<div class=\"elementor-element elementor-element-6855b1e elementor-widget elementor-widget-image\" data-id=\"6855b1e\" data-element_type=\"widget\" data-e-type=\"widget\" data-widget_type=\"image.default\">\n\t\t\t\t\t\t\t\t\t\t\t\t\t\t\t<img fetchpriority=\"high\" decoding=\"async\" width=\"1559\" height=\"871\" src=\"https:\/\/semillas.cc\/site\/wp-content\/uploads\/2025\/06\/sanvicente_1-8.png\" class=\"attachment-full size-full wp-image-2144\" alt=\"\" srcset=\"https:\/\/semillas.cc\/site\/wp-content\/uploads\/2025\/06\/sanvicente_1-8.png 1559w, https:\/\/semillas.cc\/site\/wp-content\/uploads\/2025\/06\/sanvicente_1-8-300x168.png 300w, https:\/\/semillas.cc\/site\/wp-content\/uploads\/2025\/06\/sanvicente_1-8-1024x572.png 1024w, https:\/\/semillas.cc\/site\/wp-content\/uploads\/2025\/06\/sanvicente_1-8-768x429.png 768w, https:\/\/semillas.cc\/site\/wp-content\/uploads\/2025\/06\/sanvicente_1-8-1536x858.png 1536w\" sizes=\"(max-width: 1559px) 100vw, 1559px\" \/>\t\t\t\t\t\t\t\t\t\t\t\t\t\t\t<\/div>\n\t\t\t\t\t<\/div>\n\t\t\t\t<\/div>\n\t\t<div class=\"elementor-element elementor-element-edd8c21 e-flex e-con-boxed e-con e-parent\" data-id=\"edd8c21\" data-element_type=\"container\" data-e-type=\"container\">\n\t\t\t\t\t<div class=\"e-con-inner\">\n\t\t<div class=\"elementor-element elementor-element-c8a88b4 e-con-full e-flex e-con e-child\" data-id=\"c8a88b4\" data-element_type=\"container\" data-e-type=\"container\">\n\t\t\t\t<div class=\"elementor-element elementor-element-25eb54b elementor-invisible elementor-widget elementor-widget-heading\" data-id=\"25eb54b\" data-element_type=\"widget\" data-e-type=\"widget\" data-settings=\"{&quot;_animation&quot;:&quot;fadeIn&quot;}\" data-widget_type=\"heading.default\">\n\t\t\t\t\t<h3 class=\"elementor-heading-title elementor-size-default\">La  <span>bendici\u00f3n<\/span> lleg\u00f3 a San Vicente con<span> amor <\/span> y <\/span> <span> servicio <\/span> <\/span> al pr\u00f3jimo<span><\/h3>\t\t\t\t<\/div>\n\t\t\t\t<div class=\"elementor-element elementor-element-edd07d1 elementor-widget elementor-widget-text-editor\" data-id=\"edd07d1\" data-element_type=\"widget\" data-e-type=\"widget\" data-widget_type=\"text-editor.default\">\n\t\t\t\t\t\t\t\t\t<p>Con el deseo de bendecir a la comunidad de San Vicente, dedicamos dos meses a recaudar fondos y organizarnos con un grupo de voluntarios y profesionales de la salud. Nuestro objetivo central siempre es poder compartir el amor de Jes\u00fas y permitir que el Esp\u00edritu Santo fluya a trav\u00e9s de nosotros. Con la gu\u00eda de Dios en cada paso, llevamos adelante esta acci\u00f3n solidaria que transform\u00f3 las vidas, tanto de quienes fuimos a brindar ayuda como de aquellos que recibieron el amor de Dios y el poder restaurador de la fe. Agradecemos profundamente el coraz\u00f3n de cada voluntario que fue parte de esta brigada.<\/p>\t\t\t\t\t\t\t\t<\/div>\n\t\t\t\t<\/div>\n\t\t<div class=\"elementor-element elementor-element-f19a880 e-con-full e-flex e-con e-child\" data-id=\"f19a880\" data-element_type=\"container\" data-e-type=\"container\" data-settings=\"{&quot;background_background&quot;:&quot;classic&quot;}\">\n\t\t\t\t<div class=\"elementor-element elementor-element-a68fe15 elementor-invisible elementor-widget elementor-widget-heading\" data-id=\"a68fe15\" data-element_type=\"widget\" data-e-type=\"widget\" data-settings=\"{&quot;_animation&quot;:&quot;fadeIn&quot;}\" data-widget_type=\"heading.default\">\n\t\t\t\t\t<h3 class=\"elementor-heading-title elementor-size-default\">SAN VICENTE<\/h3>\t\t\t\t<\/div>\n\t\t\t\t<div class=\"elementor-element elementor-element-b1e4708 elementor-widget elementor-widget-text-editor\" data-id=\"b1e4708\" data-element_type=\"widget\" data-e-type=\"widget\" data-widget_type=\"text-editor.default\">\n\t\t\t\t\t\t\t\t\t<p><strong>Ubicaci\u00f3n<\/strong>:<br \/>sur de la Regi\u00f3n Metropolitana de Buenos Aires, Argentina<\/p><p><strong>Poblaci\u00f3n<\/strong>: <br \/>98 200 habitantes<\/p><p><strong>Fecha:<\/strong> <br \/>2 y 3 de noviembre de 2024<\/p><p><strong>Impacto<\/strong>: <br \/>+300 familias recibieron ayuda y contenci\u00f3n<\/p>\t\t\t\t\t\t\t\t<\/div>\n\t\t\t\t<\/div>\n\t\t\t\t\t<\/div>\n\t\t\t\t<\/div>\n\t\t<div class=\"elementor-element elementor-element-c594b94 e-flex e-con-boxed e-con e-parent\" data-id=\"c594b94\" data-element_type=\"container\" data-e-type=\"container\">\n\t\t\t\t\t<div class=\"e-con-inner\">\n\t\t<div class=\"elementor-element elementor-element-afd7a87 e-grid e-con-full e-con e-child\" data-id=\"afd7a87\" data-element_type=\"container\" data-e-type=\"container\">\n\t\t\t\t<div class=\"elementor-element elementor-element-ef30169 elementor-widget elementor-widget-image\" data-id=\"ef30169\" data-element_type=\"widget\" data-e-type=\"widget\" data-widget_type=\"image.default\">\n\t\t\t\t\t\t\t\t\t\t\t\t\t\t\t<img decoding=\"async\" width=\"489\" height=\"450\" src=\"https:\/\/semillas.cc\/site\/wp-content\/uploads\/2025\/06\/Asset-3-1.png\" class=\"attachment-large size-large wp-image-1851\" alt=\"\" srcset=\"https:\/\/semillas.cc\/site\/wp-content\/uploads\/2025\/06\/Asset-3-1.png 489w, https:\/\/semillas.cc\/site\/wp-content\/uploads\/2025\/06\/Asset-3-1-300x276.png 300w\" sizes=\"(max-width: 489px) 100vw, 489px\" \/>\t\t\t\t\t\t\t\t\t\t\t\t\t\t\t<\/div>\n\t\t\t\t<div class=\"elementor-element elementor-element-3dc40e4 elementor-widget elementor-widget-image\" data-id=\"3dc40e4\" data-element_type=\"widget\" data-e-type=\"widget\" data-widget_type=\"image.default\">\n\t\t\t\t\t\t\t\t\t\t\t\t\t\t\t<img decoding=\"async\" width=\"490\" height=\"450\" src=\"https:\/\/semillas.cc\/site\/wp-content\/uploads\/2025\/06\/Asset-4.png\" class=\"attachment-large size-large wp-image-1852\" alt=\"\" srcset=\"https:\/\/semillas.cc\/site\/wp-content\/uploads\/2025\/06\/Asset-4.png 490w, https:\/\/semillas.cc\/site\/wp-content\/uploads\/2025\/06\/Asset-4-300x276.png 300w\" sizes=\"(max-width: 490px) 100vw, 490px\" \/>\t\t\t\t\t\t\t\t\t\t\t\t\t\t\t<\/div>\n\t\t\t\t<div class=\"elementor-element elementor-element-1c91141 elementor-widget elementor-widget-image\" data-id=\"1c91141\" data-element_type=\"widget\" data-e-type=\"widget\" data-widget_type=\"image.default\">\n\t\t\t\t\t\t\t\t\t\t\t\t\t\t\t<img loading=\"lazy\" decoding=\"async\" width=\"490\" height=\"450\" src=\"https:\/\/semillas.cc\/site\/wp-content\/uploads\/2025\/06\/Asset-5.png\" class=\"attachment-large size-large wp-image-1853\" alt=\"\" srcset=\"https:\/\/semillas.cc\/site\/wp-content\/uploads\/2025\/06\/Asset-5.png 490w, https:\/\/semillas.cc\/site\/wp-content\/uploads\/2025\/06\/Asset-5-300x276.png 300w\" sizes=\"(max-width: 490px) 100vw, 490px\" \/>\t\t\t\t\t\t\t\t\t\t\t\t\t\t\t<\/div>\n\t\t\t\t<\/div>\n\t\t\t\t\t<\/div>\n\t\t\t\t<\/div>\n\t\t<div class=\"elementor-element elementor-element-4ef4c74 e-flex e-con-boxed e-con e-parent\" data-id=\"4ef4c74\" data-element_type=\"container\" data-e-type=\"container\" data-settings=\"{&quot;background_background&quot;:&quot;classic&quot;}\">\n\t\t\t\t\t<div class=\"e-con-inner\">\n\t\t<div class=\"elementor-element elementor-element-ad9b2a8 e-grid e-con-full e-con e-child\" data-id=\"ad9b2a8\" data-element_type=\"container\" data-e-type=\"container\">\n\t\t<div class=\"elementor-element elementor-element-a379ef2 e-con-full e-flex e-con e-child\" data-id=\"a379ef2\" data-element_type=\"container\" data-e-type=\"container\" data-settings=\"{&quot;background_background&quot;:&quot;classic&quot;}\">\n\t\t\t\t<div class=\"elementor-element elementor-element-0949b47 elementor-widget elementor-widget-image\" data-id=\"0949b47\" data-element_type=\"widget\" data-e-type=\"widget\" data-widget_type=\"image.default\">\n\t\t\t\t\t\t\t\t\t\t\t\t\t\t\t<img decoding=\"async\" src=\"https:\/\/semillas.cc\/site\/wp-content\/uploads\/2025\/05\/ico-comedores.svg\" class=\"attachment-full size-full wp-image-1594\" alt=\"\" \/>\t\t\t\t\t\t\t\t\t\t\t\t\t\t\t<\/div>\n\t\t\t\t<div class=\"elementor-element elementor-element-24e6b76 elementor-widget elementor-widget-heading\" data-id=\"24e6b76\" data-element_type=\"widget\" data-e-type=\"widget\" data-widget_type=\"heading.default\">\n\t\t\t\t\t<h2 class=\"elementor-heading-title elementor-size-default\">COMEDORES<\/h2>\t\t\t\t<\/div>\n\t\t\t\t<div class=\"elementor-element elementor-element-51be42e elementor-widget elementor-widget-text-editor\" data-id=\"51be42e\" data-element_type=\"widget\" data-e-type=\"widget\" data-widget_type=\"text-editor.default\">\n\t\t\t\t\t\t\t\t\t<p>Servimos <strong>m\u00e1s de 200 platos de comida<\/strong> a familias de la comunidad y nos aseguramos de que cada hogar reciba el apoyo necesario.<\/p><p>Fue un gran trabajo en equipo que nos llen\u00f3 de bendiciones y <strong>reafirm\u00f3 nuestro compromiso<\/strong> con quienes m\u00e1s lo necesitan.<\/p><p>\u00a0<\/p>\t\t\t\t\t\t\t\t<\/div>\n\t\t\t\t<\/div>\n\t\t<div class=\"elementor-element elementor-element-9651315 e-con-full e-flex e-con e-child\" data-id=\"9651315\" data-element_type=\"container\" data-e-type=\"container\" data-settings=\"{&quot;background_background&quot;:&quot;classic&quot;}\">\n\t\t\t\t<div class=\"elementor-element elementor-element-cf223d7 elementor-widget elementor-widget-image\" data-id=\"cf223d7\" data-element_type=\"widget\" data-e-type=\"widget\" data-widget_type=\"image.default\">\n\t\t\t\t\t\t\t\t\t\t\t\t\t\t\t<img decoding=\"async\" src=\"https:\/\/semillas.cc\/site\/wp-content\/uploads\/2025\/05\/ico-evangelismo.svg\" class=\"attachment-full size-full wp-image-1593\" alt=\"\" \/>\t\t\t\t\t\t\t\t\t\t\t\t\t\t\t<\/div>\n\t\t\t\t<div class=\"elementor-element elementor-element-6280067 elementor-widget elementor-widget-heading\" data-id=\"6280067\" data-element_type=\"widget\" data-e-type=\"widget\" data-widget_type=\"heading.default\">\n\t\t\t\t\t<h2 class=\"elementor-heading-title elementor-size-default\">EVANGELISMO<\/h2>\t\t\t\t<\/div>\n\t\t\t\t<div class=\"elementor-element elementor-element-db387ce elementor-widget elementor-widget-text-editor\" data-id=\"db387ce\" data-element_type=\"widget\" data-e-type=\"widget\" data-widget_type=\"text-editor.default\">\n\t\t\t\t\t\t\t\t\t<p>12 personas<strong> aceptaron a Jes\u00fas como su Salvador<\/strong>, celebramos la reconciliaci\u00f3n de 35 almas con Dios y 2 personas recibieron la liberaci\u00f3n de sus cargas. Adem\u00e1s, fuimos testigos de un <strong>milagro palpable<\/strong> cuando un ni\u00f1o fue sanado del pie mientras or\u00e1bamos por \u00e9l en la calle.\u00a0 La fe se hizo tangible y la esperanza renaci\u00f3 en cada coraz\u00f3n.<\/p>\t\t\t\t\t\t\t\t<\/div>\n\t\t\t\t<\/div>\n\t\t<div class=\"elementor-element elementor-element-e98caef e-con-full e-flex e-con e-child\" data-id=\"e98caef\" data-element_type=\"container\" data-e-type=\"container\" data-settings=\"{&quot;background_background&quot;:&quot;classic&quot;}\">\n\t\t\t\t<div class=\"elementor-element elementor-element-1547101 elementor-widget elementor-widget-image\" data-id=\"1547101\" data-element_type=\"widget\" data-e-type=\"widget\" data-widget_type=\"image.default\">\n\t\t\t\t\t\t\t\t\t\t\t\t\t\t\t<img decoding=\"async\" src=\"https:\/\/semillas.cc\/site\/wp-content\/uploads\/2025\/05\/ico-asistencia-social.svg\" class=\"attachment-full size-full wp-image-1592\" alt=\"\" \/>\t\t\t\t\t\t\t\t\t\t\t\t\t\t\t<\/div>\n\t\t\t\t<div class=\"elementor-element elementor-element-100a8dd elementor-widget elementor-widget-heading\" data-id=\"100a8dd\" data-element_type=\"widget\" data-e-type=\"widget\" data-widget_type=\"heading.default\">\n\t\t\t\t\t<h2 class=\"elementor-heading-title elementor-size-default\">ASISTENCIA SOCIAL<\/h2>\t\t\t\t<\/div>\n\t\t\t\t<div class=\"elementor-element elementor-element-a102c74 elementor-widget elementor-widget-text-editor\" data-id=\"a102c74\" data-element_type=\"widget\" data-e-type=\"widget\" data-widget_type=\"text-editor.default\">\n\t\t\t\t\t\t\t\t\t<p>Llevamos a cabo un encuentro para <strong>fortalecer lazos,<\/strong> conocernos y <strong>compartir el amor de Jes\u00fas. <\/strong>\u00a0Abrimos nuestros corazones para escuchar las diferentes historias, dar un abrazo c\u00e1lido de contenci\u00f3n para <strong>devolverle a cada persona la alegr\u00eda que solo proviene de Dios.<\/strong><\/p>\t\t\t\t\t\t\t\t<\/div>\n\t\t\t\t<\/div>\n\t\t<div class=\"elementor-element elementor-element-e968651 e-con-full e-flex e-con e-child\" data-id=\"e968651\" data-element_type=\"container\" data-e-type=\"container\" data-settings=\"{&quot;background_background&quot;:&quot;classic&quot;}\">\n\t\t\t\t<div class=\"elementor-element elementor-element-b600c3e elementor-widget elementor-widget-image\" data-id=\"b600c3e\" data-element_type=\"widget\" data-e-type=\"widget\" data-widget_type=\"image.default\">\n\t\t\t\t\t\t\t\t\t\t\t\t\t\t\t<img decoding=\"async\" src=\"https:\/\/semillas.cc\/site\/wp-content\/uploads\/2025\/05\/ico-salud.svg\" class=\"attachment-full size-full wp-image-1591\" alt=\"\" \/>\t\t\t\t\t\t\t\t\t\t\t\t\t\t\t<\/div>\n\t\t\t\t<div class=\"elementor-element elementor-element-6a497a6 elementor-widget elementor-widget-heading\" data-id=\"6a497a6\" data-element_type=\"widget\" data-e-type=\"widget\" data-widget_type=\"heading.default\">\n\t\t\t\t\t<h2 class=\"elementor-heading-title elementor-size-default\">SALUD<\/h2>\t\t\t\t<\/div>\n\t\t\t\t<div class=\"elementor-element elementor-element-3a9199c elementor-widget elementor-widget-text-editor\" data-id=\"3a9199c\" data-element_type=\"widget\" data-e-type=\"widget\" data-widget_type=\"text-editor.default\">\n\t\t\t\t\t\t\t\t\t<p>16 profesionales de la salud se unieron a Semillas para ofrecer una<strong> intervenci\u00f3n integral<\/strong>. Tanto especialistas en<strong> cl\u00ednica general<\/strong> para adultos como <strong>pediatras<\/strong>, cada miembro del equipo aport\u00f3 su <strong>experiencia<\/strong> y conocimiento para brindar apoyo en donde hab\u00eda una necesidad que suplir.<\/p>\t\t\t\t\t\t\t\t<\/div>\n\t\t\t\t<\/div>\n\t\t\t\t<\/div>\n\t\t\t\t\t<\/div>\n\t\t\t\t<\/div>\n\t\t<div class=\"elementor-element elementor-element-26602e0 e-flex e-con-boxed e-con e-parent\" data-id=\"26602e0\" data-element_type=\"container\" data-e-type=\"container\">\n\t\t\t\t\t<div class=\"e-con-inner\">\n\t\t\t\t<div class=\"elementor-element elementor-element-bf83a26 elementor-widget elementor-widget-text-editor\" data-id=\"bf83a26\" data-element_type=\"widget\" data-e-type=\"widget\" data-widget_type=\"text-editor.default\">\n\t\t\t\t\t\t\t\t\t<p>Te invitamos a ser parte de <em>Semillas<\/em> en la misi\u00f3n de sembrar esperanza.<\/p><p>Puedes aportar tu tiempo, recursos o simplemente difundir lo que hacemos para que podamos llevar la palabra de Dios, amor y fe a aquellos que luchan, ayud\u00e1ndoles a encontrar un prop\u00f3sito y una raz\u00f3n para seguir adelante.\u00a0<\/p>\t\t\t\t\t\t\t\t<\/div>\n\t\t\t\t<div class=\"elementor-element elementor-element-21754a5 elementor-invisible elementor-widget elementor-widget-heading\" data-id=\"21754a5\" data-element_type=\"widget\" data-e-type=\"widget\" data-settings=\"{&quot;_animation&quot;:&quot;fadeIn&quot;}\" data-widget_type=\"heading.default\">\n\t\t\t\t\t<h3 class=\"elementor-heading-title elementor-size-default\"> \u00a1Tu ayuda puede marcar la diferencia!<\/h3>\t\t\t\t<\/div>\n\t\t\t\t\t<\/div>\n\t\t\t\t<\/div>\n\t\t<div class=\"elementor-element elementor-element-f70154f e-con-full e-flex e-con e-parent\" data-id=\"f70154f\" data-element_type=\"container\" data-e-type=\"container\">\n\t\t\t\t<div class=\"elementor-element elementor-element-2673b2d elementor-widget elementor-widget-gallery\" data-id=\"2673b2d\" data-element_type=\"widget\" data-e-type=\"widget\" data-settings=\"{&quot;columns&quot;:3,&quot;gap&quot;:{&quot;unit&quot;:&quot;px&quot;,&quot;size&quot;:5,&quot;sizes&quot;:[]},&quot;lazyload&quot;:&quot;yes&quot;,&quot;gallery_layout&quot;:&quot;grid&quot;,&quot;columns_tablet&quot;:2,&quot;columns_mobile&quot;:1,&quot;gap_tablet&quot;:{&quot;unit&quot;:&quot;px&quot;,&quot;size&quot;:10,&quot;sizes&quot;:[]},&quot;gap_mobile&quot;:{&quot;unit&quot;:&quot;px&quot;,&quot;size&quot;:10,&quot;sizes&quot;:[]},&quot;link_to&quot;:&quot;file&quot;,&quot;aspect_ratio&quot;:&quot;3:2&quot;,&quot;overlay_background&quot;:&quot;yes&quot;,&quot;content_hover_animation&quot;:&quot;fade-in&quot;}\" data-widget_type=\"gallery.default\">\n\t\t\t\t\t\t\t<div class=\"elementor-gallery__container\">\n\t\t\t\t\t\t\t<a class=\"e-gallery-item elementor-gallery-item elementor-animated-content\" href=\"https:\/\/semillas.cc\/site\/wp-content\/uploads\/2025\/06\/san-vicente-20-scaled.jpg\" data-elementor-open-lightbox=\"yes\" data-elementor-lightbox-slideshow=\"2673b2d\" data-e-action-hash=\"#elementor-action%3Aaction%3Dlightbox%26settings%3DeyJpZCI6MjAyNiwidXJsIjoiaHR0cHM6XC9cL3NlbWlsbGFzLmNjXC9zaXRlXC93cC1jb250ZW50XC91cGxvYWRzXC8yMDI1XC8wNlwvc2FuLXZpY2VudGUtMjAtc2NhbGVkLmpwZyIsInNsaWRlc2hvdyI6IjI2NzNiMmQifQ%3D%3D\">\n\t\t\t\t\t<div class=\"e-gallery-image elementor-gallery-item__image\" data-thumbnail=\"https:\/\/semillas.cc\/site\/wp-content\/uploads\/2025\/06\/san-vicente-20-scaled.jpg\" data-width=\"2560\" data-height=\"1707\" aria-label=\"\" role=\"img\" ><\/div>\n\t\t\t\t\t\t\t\t\t\t\t<div class=\"elementor-gallery-item__overlay\"><\/div>\n\t\t\t\t\t\t\t\t\t\t\t\t\t\t<\/a>\n\t\t\t\t\t\t\t<a class=\"e-gallery-item elementor-gallery-item elementor-animated-content\" href=\"https:\/\/semillas.cc\/site\/wp-content\/uploads\/2025\/06\/san-vicente-19-scaled.jpg\" data-elementor-open-lightbox=\"yes\" data-elementor-lightbox-slideshow=\"2673b2d\" data-e-action-hash=\"#elementor-action%3Aaction%3Dlightbox%26settings%3DeyJpZCI6MjAyNSwidXJsIjoiaHR0cHM6XC9cL3NlbWlsbGFzLmNjXC9zaXRlXC93cC1jb250ZW50XC91cGxvYWRzXC8yMDI1XC8wNlwvc2FuLXZpY2VudGUtMTktc2NhbGVkLmpwZyIsInNsaWRlc2hvdyI6IjI2NzNiMmQifQ%3D%3D\">\n\t\t\t\t\t<div class=\"e-gallery-image elementor-gallery-item__image\" data-thumbnail=\"https:\/\/semillas.cc\/site\/wp-content\/uploads\/2025\/06\/san-vicente-19-scaled.jpg\" data-width=\"2560\" data-height=\"1706\" aria-label=\"\" role=\"img\" ><\/div>\n\t\t\t\t\t\t\t\t\t\t\t<div class=\"elementor-gallery-item__overlay\"><\/div>\n\t\t\t\t\t\t\t\t\t\t\t\t\t\t<\/a>\n\t\t\t\t\t\t\t<a class=\"e-gallery-item elementor-gallery-item elementor-animated-content\" href=\"https:\/\/semillas.cc\/site\/wp-content\/uploads\/2025\/06\/san-vicente-18-scaled.jpg\" data-elementor-open-lightbox=\"yes\" data-elementor-lightbox-slideshow=\"2673b2d\" data-e-action-hash=\"#elementor-action%3Aaction%3Dlightbox%26settings%3DeyJpZCI6MjAyNCwidXJsIjoiaHR0cHM6XC9cL3NlbWlsbGFzLmNjXC9zaXRlXC93cC1jb250ZW50XC91cGxvYWRzXC8yMDI1XC8wNlwvc2FuLXZpY2VudGUtMTgtc2NhbGVkLmpwZyIsInNsaWRlc2hvdyI6IjI2NzNiMmQifQ%3D%3D\">\n\t\t\t\t\t<div class=\"e-gallery-image elementor-gallery-item__image\" data-thumbnail=\"https:\/\/semillas.cc\/site\/wp-content\/uploads\/2025\/06\/san-vicente-18-scaled.jpg\" data-width=\"2560\" data-height=\"1707\" aria-label=\"\" role=\"img\" ><\/div>\n\t\t\t\t\t\t\t\t\t\t\t<div class=\"elementor-gallery-item__overlay\"><\/div>\n\t\t\t\t\t\t\t\t\t\t\t\t\t\t<\/a>\n\t\t\t\t\t\t\t<a class=\"e-gallery-item elementor-gallery-item elementor-animated-content\" href=\"https:\/\/semillas.cc\/site\/wp-content\/uploads\/2025\/06\/san-vicente-16-scaled.jpg\" data-elementor-open-lightbox=\"yes\" data-elementor-lightbox-slideshow=\"2673b2d\" data-e-action-hash=\"#elementor-action%3Aaction%3Dlightbox%26settings%3DeyJpZCI6MjAyMiwidXJsIjoiaHR0cHM6XC9cL3NlbWlsbGFzLmNjXC9zaXRlXC93cC1jb250ZW50XC91cGxvYWRzXC8yMDI1XC8wNlwvc2FuLXZpY2VudGUtMTYtc2NhbGVkLmpwZyIsInNsaWRlc2hvdyI6IjI2NzNiMmQifQ%3D%3D\">\n\t\t\t\t\t<div class=\"e-gallery-image elementor-gallery-item__image\" data-thumbnail=\"https:\/\/semillas.cc\/site\/wp-content\/uploads\/2025\/06\/san-vicente-16-scaled.jpg\" data-width=\"2560\" data-height=\"1438\" aria-label=\"\" role=\"img\" ><\/div>\n\t\t\t\t\t\t\t\t\t\t\t<div class=\"elementor-gallery-item__overlay\"><\/div>\n\t\t\t\t\t\t\t\t\t\t\t\t\t\t<\/a>\n\t\t\t\t\t\t\t<a class=\"e-gallery-item elementor-gallery-item elementor-animated-content\" href=\"https:\/\/semillas.cc\/site\/wp-content\/uploads\/2025\/06\/san-vicente-4-scaled.jpg\" data-elementor-open-lightbox=\"yes\" data-elementor-lightbox-slideshow=\"2673b2d\" data-e-action-hash=\"#elementor-action%3Aaction%3Dlightbox%26settings%3DeyJpZCI6MjAxMCwidXJsIjoiaHR0cHM6XC9cL3NlbWlsbGFzLmNjXC9zaXRlXC93cC1jb250ZW50XC91cGxvYWRzXC8yMDI1XC8wNlwvc2FuLXZpY2VudGUtNC1zY2FsZWQuanBnIiwic2xpZGVzaG93IjoiMjY3M2IyZCJ9\">\n\t\t\t\t\t<div class=\"e-gallery-image elementor-gallery-item__image\" data-thumbnail=\"https:\/\/semillas.cc\/site\/wp-content\/uploads\/2025\/06\/san-vicente-4-scaled.jpg\" data-width=\"2560\" data-height=\"1707\" aria-label=\"\" role=\"img\" ><\/div>\n\t\t\t\t\t\t\t\t\t\t\t<div class=\"elementor-gallery-item__overlay\"><\/div>\n\t\t\t\t\t\t\t\t\t\t\t\t\t\t<\/a>\n\t\t\t\t\t\t\t<a class=\"e-gallery-item elementor-gallery-item elementor-animated-content\" href=\"https:\/\/semillas.cc\/site\/wp-content\/uploads\/2025\/06\/san-vicente-1-scaled.jpg\" data-elementor-open-lightbox=\"yes\" data-elementor-lightbox-slideshow=\"2673b2d\" data-e-action-hash=\"#elementor-action%3Aaction%3Dlightbox%26settings%3DeyJpZCI6MjAwNywidXJsIjoiaHR0cHM6XC9cL3NlbWlsbGFzLmNjXC9zaXRlXC93cC1jb250ZW50XC91cGxvYWRzXC8yMDI1XC8wNlwvc2FuLXZpY2VudGUtMS1zY2FsZWQuanBnIiwic2xpZGVzaG93IjoiMjY3M2IyZCJ9\">\n\t\t\t\t\t<div class=\"e-gallery-image elementor-gallery-item__image\" data-thumbnail=\"https:\/\/semillas.cc\/site\/wp-content\/uploads\/2025\/06\/san-vicente-1-scaled.jpg\" data-width=\"2560\" data-height=\"1707\" aria-label=\"\" role=\"img\" ><\/div>\n\t\t\t\t\t\t\t\t\t\t\t<div class=\"elementor-gallery-item__overlay\"><\/div>\n\t\t\t\t\t\t\t\t\t\t\t\t\t\t<\/a>\n\t\t\t\t\t\t\t<a class=\"e-gallery-item elementor-gallery-item elementor-animated-content\" href=\"https:\/\/semillas.cc\/site\/wp-content\/uploads\/2025\/06\/san-vicente-7-scaled.jpg\" data-elementor-open-lightbox=\"yes\" data-elementor-lightbox-slideshow=\"2673b2d\" data-e-action-hash=\"#elementor-action%3Aaction%3Dlightbox%26settings%3DeyJpZCI6MjAxMywidXJsIjoiaHR0cHM6XC9cL3NlbWlsbGFzLmNjXC9zaXRlXC93cC1jb250ZW50XC91cGxvYWRzXC8yMDI1XC8wNlwvc2FuLXZpY2VudGUtNy1zY2FsZWQuanBnIiwic2xpZGVzaG93IjoiMjY3M2IyZCJ9\">\n\t\t\t\t\t<div class=\"e-gallery-image elementor-gallery-item__image\" data-thumbnail=\"https:\/\/semillas.cc\/site\/wp-content\/uploads\/2025\/06\/san-vicente-7-scaled.jpg\" data-width=\"2560\" data-height=\"1707\" aria-label=\"\" role=\"img\" ><\/div>\n\t\t\t\t\t\t\t\t\t\t\t<div class=\"elementor-gallery-item__overlay\"><\/div>\n\t\t\t\t\t\t\t\t\t\t\t\t\t\t<\/a>\n\t\t\t\t\t\t\t<a class=\"e-gallery-item elementor-gallery-item elementor-animated-content\" href=\"https:\/\/semillas.cc\/site\/wp-content\/uploads\/2025\/06\/san-vicente-5-scaled.jpg\" data-elementor-open-lightbox=\"yes\" data-elementor-lightbox-slideshow=\"2673b2d\" data-e-action-hash=\"#elementor-action%3Aaction%3Dlightbox%26settings%3DeyJpZCI6MjAxMSwidXJsIjoiaHR0cHM6XC9cL3NlbWlsbGFzLmNjXC9zaXRlXC93cC1jb250ZW50XC91cGxvYWRzXC8yMDI1XC8wNlwvc2FuLXZpY2VudGUtNS1zY2FsZWQuanBnIiwic2xpZGVzaG93IjoiMjY3M2IyZCJ9\">\n\t\t\t\t\t<div class=\"e-gallery-image elementor-gallery-item__image\" data-thumbnail=\"https:\/\/semillas.cc\/site\/wp-content\/uploads\/2025\/06\/san-vicente-5-scaled.jpg\" data-width=\"2560\" data-height=\"1707\" aria-label=\"\" role=\"img\" ><\/div>\n\t\t\t\t\t\t\t\t\t\t\t<div class=\"elementor-gallery-item__overlay\"><\/div>\n\t\t\t\t\t\t\t\t\t\t\t\t\t\t<\/a>\n\t\t\t\t\t\t\t<a class=\"e-gallery-item elementor-gallery-item elementor-animated-content\" href=\"https:\/\/semillas.cc\/site\/wp-content\/uploads\/2025\/06\/san-vicente-8-scaled.jpg\" data-elementor-open-lightbox=\"yes\" data-elementor-lightbox-slideshow=\"2673b2d\" data-e-action-hash=\"#elementor-action%3Aaction%3Dlightbox%26settings%3DeyJpZCI6MjAxNCwidXJsIjoiaHR0cHM6XC9cL3NlbWlsbGFzLmNjXC9zaXRlXC93cC1jb250ZW50XC91cGxvYWRzXC8yMDI1XC8wNlwvc2FuLXZpY2VudGUtOC1zY2FsZWQuanBnIiwic2xpZGVzaG93IjoiMjY3M2IyZCJ9\">\n\t\t\t\t\t<div class=\"e-gallery-image elementor-gallery-item__image\" data-thumbnail=\"https:\/\/semillas.cc\/site\/wp-content\/uploads\/2025\/06\/san-vicente-8-scaled.jpg\" data-width=\"2560\" data-height=\"1707\" aria-label=\"\" role=\"img\" ><\/div>\n\t\t\t\t\t\t\t\t\t\t\t<div class=\"elementor-gallery-item__overlay\"><\/div>\n\t\t\t\t\t\t\t\t\t\t\t\t\t\t<\/a>\n\t\t\t\t\t<\/div>\n\t\t\t\t\t<\/div>\n\t\t\t\t<\/div>\n\t\t\t\t<\/div>\n\t\t","protected":false},"excerpt":{"rendered":"<p>SAN VICENTE La bendici\u00f3n lleg\u00f3 a San Vicente con amor y servicio al pr\u00f3jimo Con el deseo de bendecir a la comunidad de San Vicente, dedicamos dos meses a recaudar fondos y organizarnos con un grupo de voluntarios y profesionales de la salud. Nuestro objetivo central siempre es poder compartir el amor de Jes\u00fas y [&hellip;]<\/p>\n","protected":false},"author":1,"featured_media":0,"parent":0,"menu_order":0,"comment_status":"closed","ping_status":"closed","template":"","meta":{"footnotes":""},"class_list":["post-1834","page","type-page","status-publish","hentry"],"_links":{"self":[{"href":"https:\/\/semillas.cc\/site\/wp-json\/wp\/v2\/pages\/1834","targetHints":{"allow":["GET"]}}],"collection":[{"href":"https:\/\/semillas.cc\/site\/wp-json\/wp\/v2\/pages"}],"about":[{"href":"https:\/\/semillas.cc\/site\/wp-json\/wp\/v2\/types\/page"}],"author":[{"embeddable":true,"href":"https:\/\/semillas.cc\/site\/wp-json\/wp\/v2\/users\/1"}],"replies":[{"embeddable":true,"href":"https:\/\/semillas.cc\/site\/wp-json\/wp\/v2\/comments?post=1834"}],"version-history":[{"count":54,"href":"https:\/\/semillas.cc\/site\/wp-json\/wp\/v2\/pages\/1834\/revisions"}],"predecessor-version":[{"id":2746,"href":"https:\/\/semillas.cc\/site\/wp-json\/wp\/v2\/pages\/1834\/revisions\/2746"}],"wp:attachment":[{"href":"https:\/\/semillas.cc\/site\/wp-json\/wp\/v2\/media?parent=1834"}],"curies":[{"name":"wp","href":"https:\/\/api.w.org\/{rel}","templated":true}]}}