{"id":1974,"date":"2025-08-06T07:06:57","date_gmt":"2025-08-06T11:06:57","guid":{"rendered":"https:\/\/semillas.cc\/site\/?page_id=1974"},"modified":"2025-09-08T18:17:32","modified_gmt":"2025-09-08T22:17:32","slug":"quiero-ser-parte-donar-dinero","status":"publish","type":"page","link":"https:\/\/semillas.cc\/site\/es\/quiero-ser-parte-donar-dinero\/","title":{"rendered":"Quiero ser parte &#8211; Donar Dinero"},"content":{"rendered":"\t\t<div data-elementor-type=\"wp-page\" data-elementor-id=\"1974\" class=\"elementor elementor-1974\" data-elementor-post-type=\"page\">\n\t\t\t\t<div class=\"elementor-element elementor-element-51a1d53 e-flex e-con-boxed e-con e-parent\" data-id=\"51a1d53\" data-element_type=\"container\" data-e-type=\"container\" data-settings=\"{&quot;background_background&quot;:&quot;classic&quot;}\">\n\t\t\t\t\t<div class=\"e-con-inner\">\n\t\t<div class=\"elementor-element elementor-element-cc8e314 e-con-full e-flex e-con e-child\" data-id=\"cc8e314\" data-element_type=\"container\" data-e-type=\"container\">\n\t\t\t\t<div class=\"elementor-element elementor-element-40dda70 elementor-align-center elementor-widget elementor-widget-button\" data-id=\"40dda70\" data-element_type=\"widget\" data-e-type=\"widget\" data-widget_type=\"button.default\">\n\t\t\t\t\t\t\t\t\t\t<a class=\"elementor-button elementor-button-link elementor-size-md\" href=\"#\">\n\t\t\t\t\t\t<span class=\"elementor-button-content-wrapper\">\n\t\t\t\t\t\t\t\t\t<span class=\"elementor-button-text\">QUIERO SER PARTE<\/span>\n\t\t\t\t\t<\/span>\n\t\t\t\t\t<\/a>\n\t\t\t\t\t\t\t\t<\/div>\n\t\t<div class=\"elementor-element elementor-element-3e01c55 e-con-full e-flex e-con e-child\" data-id=\"3e01c55\" data-element_type=\"container\" data-e-type=\"container\">\n\t\t<div class=\"elementor-element elementor-element-c4848e9 e-con-full e-flex e-con e-child\" data-id=\"c4848e9\" data-element_type=\"container\" data-e-type=\"container\">\n\t\t\t\t<div class=\"elementor-element elementor-element-93c9dbb elementor-widget elementor-widget-image\" data-id=\"93c9dbb\" data-element_type=\"widget\" data-e-type=\"widget\" data-widget_type=\"image.default\">\n\t\t\t\t\t\t\t\t\t\t\t\t\t\t\t<img decoding=\"async\" width=\"1\" height=\"1\" src=\"https:\/\/semillas.cc\/site\/wp-content\/uploads\/2025\/06\/icon-donar.svg\" class=\"attachment-large size-large wp-image-1981\" alt=\"\" \/>\t\t\t\t\t\t\t\t\t\t\t\t\t\t\t<\/div>\n\t\t\t\t<\/div>\n\t\t<div class=\"elementor-element elementor-element-79d169b e-con-full e-flex e-con e-child\" data-id=\"79d169b\" data-element_type=\"container\" data-e-type=\"container\">\n\t\t\t\t<div class=\"elementor-element elementor-element-d4fd04d elementor-widget elementor-widget-heading\" data-id=\"d4fd04d\" data-element_type=\"widget\" data-e-type=\"widget\" data-widget_type=\"heading.default\">\n\t\t\t\t\t<h3 class=\"elementor-heading-title elementor-size-default\">DONAR DINERO<\/h3>\t\t\t\t<\/div>\n\t\t\t\t<div class=\"elementor-element elementor-element-7324f53 elementor-widget elementor-widget-text-editor\" data-id=\"7324f53\" data-element_type=\"widget\" data-e-type=\"widget\" data-widget_type=\"text-editor.default\">\n\t\t\t\t\t\t\t\t\t<p>Puedes realizar tu donaci\u00f3n usando el siguiente formulario o a trav\u00e9s de <strong>PayPal <\/strong>escaneando el<strong> c\u00f3digo QR<\/strong> o en nuestro link de usuario: <a href=\"https:\/\/www.paypal.com\/donate\/?hosted_button_id=Q8UTNPM6JPCC4\"><strong>@semillasdesperanza<\/strong><\/a> | <strong>Zelle<\/strong> a la cuenta <strong>N\u00ba 832-314-1936 <\/strong>|<strong> Chase Bank <\/strong>(dep\u00f3sito directo) <em>Semillas <\/em><strong>Account<\/strong> <strong>number<\/strong> <strong>918826212<\/strong> \/ <strong>Routing<\/strong> <strong>number<\/strong> <strong>111000614<\/strong><\/p>\t\t\t\t\t\t\t\t<\/div>\n\t\t\t\t<\/div>\n\t\t\t\t<\/div>\n\t\t<div class=\"elementor-element elementor-element-cb6f618 e-con-full e-flex e-con e-child\" data-id=\"cb6f618\" data-element_type=\"container\" data-e-type=\"container\">\n\t\t\t\t<div class=\"elementor-element elementor-element-28720da elementor-widget__width-initial elementor-widget-mobile__width-initial elementor-widget-tablet__width-initial elementor-widget elementor-widget-shortcode\" data-id=\"28720da\" data-element_type=\"widget\" data-e-type=\"widget\" data-widget_type=\"shortcode.default\">\n\t\t\t\t\t\t\t<div class=\"elementor-shortcode\"><givebutter-widget id=\"pEQm0p\"><\/givebutter-widget>\n\n<\/div>\n\t\t\t\t\t\t<\/div>\n\t\t\t\t<\/div>\n\t\t<div class=\"elementor-element elementor-element-81c2a77 e-grid e-con-full e-con e-child\" data-id=\"81c2a77\" data-element_type=\"container\" data-e-type=\"container\">\n\t\t\t\t<div class=\"elementor-element elementor-element-a36af06 elementor-widget elementor-widget-image\" data-id=\"a36af06\" data-element_type=\"widget\" data-e-type=\"widget\" data-widget_type=\"image.default\">\n\t\t\t\t\t\t\t\t\t\t\t\t\t\t\t<img fetchpriority=\"high\" decoding=\"async\" width=\"361\" height=\"397\" src=\"https:\/\/semillas.cc\/site\/wp-content\/uploads\/2025\/07\/paypal-newqr-8.png\" class=\"attachment-full size-full wp-image-2679\" alt=\"\" srcset=\"https:\/\/semillas.cc\/site\/wp-content\/uploads\/2025\/07\/paypal-newqr-8.png 361w, https:\/\/semillas.cc\/site\/wp-content\/uploads\/2025\/07\/paypal-newqr-8-273x300.png 273w\" sizes=\"(max-width: 361px) 100vw, 361px\" \/>\t\t\t\t\t\t\t\t\t\t\t\t\t\t\t<\/div>\n\t\t\t\t<div class=\"elementor-element elementor-element-8f57487 elementor-widget elementor-widget-image\" data-id=\"8f57487\" data-element_type=\"widget\" data-e-type=\"widget\" data-widget_type=\"image.default\">\n\t\t\t\t\t\t\t\t\t\t\t\t\t\t\t<img decoding=\"async\" width=\"361\" height=\"397\" src=\"https:\/\/semillas.cc\/site\/wp-content\/uploads\/2025\/07\/zelle-2-8.png\" class=\"attachment-full size-full wp-image-2644\" alt=\"\" srcset=\"https:\/\/semillas.cc\/site\/wp-content\/uploads\/2025\/07\/zelle-2-8.png 361w, https:\/\/semillas.cc\/site\/wp-content\/uploads\/2025\/07\/zelle-2-8-273x300.png 273w\" sizes=\"(max-width: 361px) 100vw, 361px\" \/>\t\t\t\t\t\t\t\t\t\t\t\t\t\t\t<\/div>\n\t\t\t\t<div class=\"elementor-element elementor-element-5b5088b elementor-widget elementor-widget-image\" data-id=\"5b5088b\" data-element_type=\"widget\" data-e-type=\"widget\" data-widget_type=\"image.default\">\n\t\t\t\t\t\t\t\t\t\t\t\t\t\t\t<img loading=\"lazy\" decoding=\"async\" width=\"361\" height=\"397\" src=\"https:\/\/semillas.cc\/site\/wp-content\/uploads\/2025\/07\/chase-8.png\" class=\"attachment-full size-full wp-image-2678\" alt=\"\" srcset=\"https:\/\/semillas.cc\/site\/wp-content\/uploads\/2025\/07\/chase-8.png 361w, https:\/\/semillas.cc\/site\/wp-content\/uploads\/2025\/07\/chase-8-273x300.png 273w\" sizes=\"(max-width: 361px) 100vw, 361px\" \/>\t\t\t\t\t\t\t\t\t\t\t\t\t\t\t<\/div>\n\t\t\t\t<\/div>\n\t\t\t\t<\/div>\n\t\t\t\t\t<\/div>\n\t\t\t\t<\/div>\n\t\t<div class=\"elementor-element elementor-element-1f479f7 e-flex e-con-boxed e-con e-parent\" data-id=\"1f479f7\" data-element_type=\"container\" data-e-type=\"container\">\n\t\t\t\t\t<div class=\"e-con-inner\">\n\t\t\t\t<div class=\"elementor-element elementor-element-f3b21bc elementor-widget elementor-widget-spacer\" data-id=\"f3b21bc\" data-element_type=\"widget\" data-e-type=\"widget\" data-widget_type=\"spacer.default\">\n\t\t\t\t\t\t\t<div class=\"elementor-spacer\">\n\t\t\t<div class=\"elementor-spacer-inner\"><\/div>\n\t\t<\/div>\n\t\t\t\t\t\t<\/div>\n\t\t<div class=\"elementor-element elementor-element-4da0669 e-grid e-con-full e-con e-child\" data-id=\"4da0669\" data-element_type=\"container\" data-e-type=\"container\">\n\t\t\t\t<\/div>\n\t\t\t\t\t<\/div>\n\t\t\t\t<\/div>\n\t\t<div class=\"elementor-element elementor-element-8fb5574 e-flex e-con-boxed e-con e-parent\" data-id=\"8fb5574\" data-element_type=\"container\" data-e-type=\"container\" data-settings=\"{&quot;background_background&quot;:&quot;classic&quot;}\">\n\t\t\t\t\t<div class=\"e-con-inner\">\n\t\t\t\t<div class=\"elementor-element elementor-element-8dc7410 elementor-widget elementor-widget-heading\" data-id=\"8dc7410\" data-element_type=\"widget\" data-e-type=\"widget\" data-widget_type=\"heading.default\">\n\t\t\t\t\t<h3 class=\"elementor-heading-title elementor-size-default\">\u00a1TU ayuda puede marcar la diferencia!<\/h3>\t\t\t\t<\/div>\n\t\t\t\t<div class=\"elementor-element elementor-element-35448d8 elementor-widget elementor-widget-text-editor\" data-id=\"35448d8\" data-element_type=\"widget\" data-e-type=\"widget\" data-widget_type=\"text-editor.default\">\n\t\t\t\t\t\t\t\t\t<p>Te invitamos a ser parte de <em>Semillas<\/em> en la misi\u00f3n de sembrar esperanza.<\/p><p>Puedes aportar tu tiempo, recursos o simplemente difundir lo que hacemos para que podamos llevar la palabra de Dios, amor y fe a aquellos que luchan, ayud\u00e1ndoles a encontrar un prop\u00f3sito y una raz\u00f3n para seguir adelante.<\/p>\t\t\t\t\t\t\t\t<\/div>\n\t\t\t\t\t<\/div>\n\t\t\t\t<\/div>\n\t\t\t\t<\/div>\n\t\t","protected":false},"excerpt":{"rendered":"<p>QUIERO SER PARTE DONAR DINERO Puedes realizar tu donaci\u00f3n usando el siguiente formulario o a trav\u00e9s de PayPal escaneando el c\u00f3digo QR o en nuestro link de usuario: @semillasdesperanza | Zelle a la cuenta N\u00ba 832-314-1936 | Chase Bank (dep\u00f3sito directo) Semillas Account number 918826212 \/ Routing number 111000614 \u00a1TU ayuda puede marcar la diferencia! [&hellip;]<\/p>\n","protected":false},"author":1,"featured_media":0,"parent":0,"menu_order":0,"comment_status":"closed","ping_status":"closed","template":"","meta":{"footnotes":""},"class_list":["post-1974","page","type-page","status-publish","hentry"],"_links":{"self":[{"href":"https:\/\/semillas.cc\/site\/wp-json\/wp\/v2\/pages\/1974","targetHints":{"allow":["GET"]}}],"collection":[{"href":"https:\/\/semillas.cc\/site\/wp-json\/wp\/v2\/pages"}],"about":[{"href":"https:\/\/semillas.cc\/site\/wp-json\/wp\/v2\/types\/page"}],"author":[{"embeddable":true,"href":"https:\/\/semillas.cc\/site\/wp-json\/wp\/v2\/users\/1"}],"replies":[{"embeddable":true,"href":"https:\/\/semillas.cc\/site\/wp-json\/wp\/v2\/comments?post=1974"}],"version-history":[{"count":87,"href":"https:\/\/semillas.cc\/site\/wp-json\/wp\/v2\/pages\/1974\/revisions"}],"predecessor-version":[{"id":3236,"href":"https:\/\/semillas.cc\/site\/wp-json\/wp\/v2\/pages\/1974\/revisions\/3236"}],"wp:attachment":[{"href":"https:\/\/semillas.cc\/site\/wp-json\/wp\/v2\/media?parent=1974"}],"curies":[{"name":"wp","href":"https:\/\/api.w.org\/{rel}","templated":true}]}}