{"id":2403,"date":"2025-08-06T07:06:50","date_gmt":"2025-08-06T11:06:50","guid":{"rendered":"https:\/\/semillas.cc\/site\/?page_id=2403"},"modified":"2025-06-26T12:55:11","modified_gmt":"2025-06-26T12:55:11","slug":"quiero-ser-parte-quiero-ser-voluntario","status":"publish","type":"page","link":"https:\/\/semillas.cc\/site\/es\/quiero-ser-parte-quiero-ser-voluntario\/","title":{"rendered":"Quiero ser parte &#8211; Quiero ser voluntario"},"content":{"rendered":"\t\t<div data-elementor-type=\"wp-page\" data-elementor-id=\"2403\" class=\"elementor elementor-2403\" data-elementor-post-type=\"page\">\n\t\t\t\t<div class=\"elementor-element elementor-element-51a1d53 e-flex e-con-boxed e-con e-parent\" data-id=\"51a1d53\" data-element_type=\"container\" data-e-type=\"container\" data-settings=\"{&quot;background_background&quot;:&quot;classic&quot;}\">\n\t\t\t\t\t<div class=\"e-con-inner\">\n\t\t<div class=\"elementor-element elementor-element-cc8e314 e-con-full e-flex e-con e-child\" data-id=\"cc8e314\" data-element_type=\"container\" data-e-type=\"container\">\n\t\t\t\t<div class=\"elementor-element elementor-element-40dda70 elementor-align-center elementor-widget elementor-widget-button\" data-id=\"40dda70\" data-element_type=\"widget\" data-e-type=\"widget\" data-widget_type=\"button.default\">\n\t\t\t\t\t\t\t\t\t\t<a class=\"elementor-button elementor-button-link elementor-size-md\" href=\"#\">\n\t\t\t\t\t\t<span class=\"elementor-button-content-wrapper\">\n\t\t\t\t\t\t\t\t\t<span class=\"elementor-button-text\">VOLUNTARIOS<\/span>\n\t\t\t\t\t<\/span>\n\t\t\t\t\t<\/a>\n\t\t\t\t\t\t\t\t<\/div>\n\t\t<div class=\"elementor-element elementor-element-3e01c55 e-con-full e-flex e-con e-child\" data-id=\"3e01c55\" data-element_type=\"container\" data-e-type=\"container\">\n\t\t<div class=\"elementor-element elementor-element-c4848e9 e-con-full e-flex e-con e-child\" data-id=\"c4848e9\" data-element_type=\"container\" data-e-type=\"container\">\n\t\t\t\t<div class=\"elementor-element elementor-element-93c9dbb elementor-widget elementor-widget-image\" data-id=\"93c9dbb\" data-element_type=\"widget\" data-e-type=\"widget\" data-widget_type=\"image.default\">\n\t\t\t\t\t\t\t\t\t\t\t\t\t\t\t<img decoding=\"async\" width=\"1\" height=\"1\" src=\"https:\/\/semillas.cc\/site\/wp-content\/uploads\/2025\/06\/ico-voluntario.svg\" class=\"attachment-large size-large wp-image-2033\" alt=\"\" \/>\t\t\t\t\t\t\t\t\t\t\t\t\t\t\t<\/div>\n\t\t\t\t<\/div>\n\t\t<div class=\"elementor-element elementor-element-79d169b e-con-full e-flex e-con e-child\" data-id=\"79d169b\" data-element_type=\"container\" data-e-type=\"container\">\n\t\t\t\t<div class=\"elementor-element elementor-element-d4fd04d elementor-widget elementor-widget-heading\" data-id=\"d4fd04d\" data-element_type=\"widget\" data-e-type=\"widget\" data-widget_type=\"heading.default\">\n\t\t\t\t\t<h3 class=\"elementor-heading-title elementor-size-default\">QUIERO SER VOLUNTARIO<\/h3>\t\t\t\t<\/div>\n\t\t\t\t<\/div>\n\t\t\t\t<\/div>\n\t\t<div class=\"elementor-element elementor-element-e0cbe12 e-flex e-con-boxed e-con e-child\" data-id=\"e0cbe12\" data-element_type=\"container\" data-e-type=\"container\">\n\t\t\t\t\t<div class=\"e-con-inner\">\n\t\t\t\t<div class=\"elementor-element elementor-element-26867a9 elementor-button-align-end elementor-widget elementor-widget-form\" data-id=\"26867a9\" data-element_type=\"widget\" data-e-type=\"widget\" data-settings=\"{&quot;step_next_label&quot;:&quot;Siguiente&quot;,&quot;step_previous_label&quot;:&quot;Anterior&quot;,&quot;button_width&quot;:&quot;100&quot;,&quot;step_type&quot;:&quot;number_text&quot;,&quot;step_icon_shape&quot;:&quot;circle&quot;}\" data-widget_type=\"form.default\">\n\t\t\t\t\t\t\t<form class=\"elementor-form\" method=\"post\" name=\"Form Voluntario\" aria-label=\"Form Voluntario\">\n\t\t\t<input type=\"hidden\" name=\"post_id\" value=\"2403\"\/>\n\t\t\t<input type=\"hidden\" name=\"form_id\" value=\"26867a9\"\/>\n\t\t\t<input type=\"hidden\" name=\"referer_title\" value=\"Quiero ser parte &#x2d; Quiero ser voluntario &#x2d; Semillas de Esperanza\" \/>\n\n\t\t\t\t\t\t\t<input type=\"hidden\" name=\"queried_id\" value=\"2403\"\/>\n\t\t\t\n\t\t\t<div class=\"elementor-form-fields-wrapper elementor-labels-above\">\n\t\t\t\t\t\t\t\t<div class=\"elementor-field-type-select elementor-field-group elementor-column elementor-field-group-area_colaborar elementor-col-50\">\n\t\t\t\t\t\t\t\t\t\t\t\t<label for=\"form-field-area_colaborar\" class=\"elementor-field-label\">\n\t\t\t\t\t\t\t\t\u00c1rea en la que deseo colaborar\t\t\t\t\t\t\t<\/label>\n\t\t\t\t\t\t\t\t<div class=\"elementor-field elementor-select-wrapper remove-before \">\n\t\t\t<div class=\"select-caret-down-wrapper\">\n\t\t\t\t<svg aria-hidden=\"true\" class=\"e-font-icon-svg e-eicon-caret-down\" viewBox=\"0 0 571.4 571.4\" xmlns=\"http:\/\/www.w3.org\/2000\/svg\"><path d=\"M571 393Q571 407 561 418L311 668Q300 679 286 679T261 668L11 418Q0 407 0 393T11 368 36 357H536Q550 357 561 368T571 393Z\"><\/path><\/svg>\t\t\t<\/div>\n\t\t\t<select name=\"form_fields[area_colaborar]\" id=\"form-field-area_colaborar\" class=\"elementor-field-textual elementor-size-sm\">\n\t\t\t\t\t\t\t\t\t<option value=\"Asesoramiento Legal\">Asesoramiento Legal<\/option>\n\t\t\t\t\t\t\t\t\t<option value=\"Asistencia social\" selected=\"selected\">Asistencia social<\/option>\n\t\t\t\t\t\t\t\t\t<option value=\"Cocina\">Cocina<\/option>\n\t\t\t\t\t\t\t\t\t<option value=\"Cuidado de Ni\u00f1os\">Cuidado de Ni\u00f1os<\/option>\n\t\t\t\t\t\t\t\t\t<option value=\"Educaci\u00f3n\">Educaci\u00f3n<\/option>\n\t\t\t\t\t\t\t\t\t<option value=\"Enfermer\u00eda\">Enfermer\u00eda<\/option>\n\t\t\t\t\t\t\t\t\t<option value=\"Evangelismo\">Evangelismo<\/option>\n\t\t\t\t\t\t\t\t\t<option value=\"Medicina General\">Medicina General<\/option>\n\t\t\t\t\t\t\t\t\t<option value=\"Nutrici\u00f3n\">Nutrici\u00f3n<\/option>\n\t\t\t\t\t\t\t\t\t<option value=\"Pediatr\u00eda\">Pediatr\u00eda<\/option>\n\t\t\t\t\t\t\t\t\t<option value=\"Peluquer\u00eda\">Peluquer\u00eda<\/option>\n\t\t\t\t\t\t\t\t\t<option value=\"Pedicur\u00eda\">Pedicur\u00eda<\/option>\n\t\t\t\t\t\t\t\t\t<option value=\"Psicolog\u00eda\">Psicolog\u00eda<\/option>\n\t\t\t\t\t\t\t\t\t<option value=\"Recepci\u00f3n\">Recepci\u00f3n<\/option>\n\t\t\t\t\t\t\t<\/select>\n\t\t<\/div>\n\t\t\t\t\t\t<\/div>\n\t\t\t\t\t\t\t\t<div class=\"elementor-field-type-text elementor-field-group elementor-column elementor-field-group-nombre_apellido elementor-col-100 elementor-field-required\">\n\t\t\t\t\t\t\t\t\t\t\t\t<label for=\"form-field-nombre_apellido\" class=\"elementor-field-label\">\n\t\t\t\t\t\t\t\tNombre y Apellido\t\t\t\t\t\t\t<\/label>\n\t\t\t\t\t\t\t\t\t\t\t\t\t\t<input size=\"1\" type=\"text\" name=\"form_fields[nombre_apellido]\" id=\"form-field-nombre_apellido\" class=\"elementor-field elementor-size-sm  elementor-field-textual\" required=\"required\">\n\t\t\t\t\t\t\t\t\t\t\t<\/div>\n\t\t\t\t\t\t\t\t<div class=\"elementor-field-type-email elementor-field-group elementor-column elementor-field-group-email elementor-col-100 elementor-field-required\">\n\t\t\t\t\t\t\t\t\t\t\t\t<label for=\"form-field-email\" class=\"elementor-field-label\">\n\t\t\t\t\t\t\t\tCorreo electr\u00f3nico\t\t\t\t\t\t\t<\/label>\n\t\t\t\t\t\t\t\t\t\t\t\t\t\t<input size=\"1\" type=\"email\" name=\"form_fields[email]\" id=\"form-field-email\" class=\"elementor-field elementor-size-sm  elementor-field-textual\" required=\"required\">\n\t\t\t\t\t\t\t\t\t\t\t<\/div>\n\t\t\t\t\t\t\t\t<div class=\"elementor-field-type-number elementor-field-group elementor-column elementor-field-group-dni elementor-col-100 elementor-field-required\">\n\t\t\t\t\t\t\t\t\t\t\t\t<label for=\"form-field-dni\" class=\"elementor-field-label\">\n\t\t\t\t\t\t\t\tDNI\t\t\t\t\t\t\t<\/label>\n\t\t\t\t\t\t\t\t\t<input type=\"number\" name=\"form_fields[dni]\" id=\"form-field-dni\" class=\"elementor-field elementor-size-sm  elementor-field-textual\" required=\"required\" min=\"10000000\" max=\"99999999\" >\n\t\t\t\t\t\t<\/div>\n\t\t\t\t\t\t\t\t<div class=\"elementor-field-type-tel elementor-field-group elementor-column elementor-field-group-telefono elementor-col-100 elementor-field-required\">\n\t\t\t\t\t\t\t\t\t\t\t\t<label for=\"form-field-telefono\" class=\"elementor-field-label\">\n\t\t\t\t\t\t\t\tTel\u00e9fono\t\t\t\t\t\t\t<\/label>\n\t\t\t\t\t\t\t\t<input size=\"1\" type=\"tel\" name=\"form_fields[telefono]\" id=\"form-field-telefono\" class=\"elementor-field elementor-size-sm  elementor-field-textual\" required=\"required\" pattern=\"[0-9()#&amp;+*-=.]+\" title=\"Only numbers and phone characters (#, -, *, etc) are accepted.\">\n\n\t\t\t\t\t\t<\/div>\n\t\t\t\t\t\t\t\t<div class=\"elementor-field-type-text elementor-field-group elementor-column elementor-field-group-Ciudad elementor-col-100 elementor-field-required\">\n\t\t\t\t\t\t\t\t\t\t\t\t<label for=\"form-field-Ciudad\" class=\"elementor-field-label\">\n\t\t\t\t\t\t\t\tCiudad\t\t\t\t\t\t\t<\/label>\n\t\t\t\t\t\t\t\t\t\t\t\t\t\t<input size=\"1\" type=\"text\" name=\"form_fields[Ciudad]\" id=\"form-field-Ciudad\" class=\"elementor-field elementor-size-sm  elementor-field-textual\" required=\"required\">\n\t\t\t\t\t\t\t\t\t\t\t<\/div>\n\t\t\t\t\t\t\t\t<div class=\"elementor-field-type-select elementor-field-group elementor-column elementor-field-group-field_19c874c elementor-col-100\">\n\t\t\t\t\t\t\t\t\t\t\t\t<label for=\"form-field-field_19c874c\" class=\"elementor-field-label\">\n\t\t\t\t\t\t\t\tEn que horario podemos contactarte\t\t\t\t\t\t\t<\/label>\n\t\t\t\t\t\t\t\t<div class=\"elementor-field elementor-select-wrapper remove-before \">\n\t\t\t<div class=\"select-caret-down-wrapper\">\n\t\t\t\t<svg aria-hidden=\"true\" class=\"e-font-icon-svg e-eicon-caret-down\" viewBox=\"0 0 571.4 571.4\" xmlns=\"http:\/\/www.w3.org\/2000\/svg\"><path d=\"M571 393Q571 407 561 418L311 668Q300 679 286 679T261 668L11 418Q0 407 0 393T11 368 36 357H536Q550 357 561 368T571 393Z\"><\/path><\/svg>\t\t\t<\/div>\n\t\t\t<select name=\"form_fields[field_19c874c]\" id=\"form-field-field_19c874c\" class=\"elementor-field-textual elementor-size-sm\">\n\t\t\t\t\t\t\t\t\t<option value=\"Por la ma\u00f1ana\">Por la ma\u00f1ana<\/option>\n\t\t\t\t\t\t\t\t\t<option value=\"Por la tarde\">Por la tarde<\/option>\n\t\t\t\t\t\t\t\t\t<option value=\"Por la noche\">Por la noche<\/option>\n\t\t\t\t\t\t\t<\/select>\n\t\t<\/div>\n\t\t\t\t\t\t<\/div>\n\t\t\t\t\t\t\t\t<div class=\"elementor-field-type-textarea elementor-field-group elementor-column elementor-field-group-comentarios elementor-col-100\">\n\t\t\t\t\t\t\t\t\t\t\t\t<label for=\"form-field-comentarios\" class=\"elementor-field-label\">\n\t\t\t\t\t\t\t\tComentarios\t\t\t\t\t\t\t<\/label>\n\t\t\t\t\t\t<textarea class=\"elementor-field-textual elementor-field  elementor-size-sm\" name=\"form_fields[comentarios]\" id=\"form-field-comentarios\" rows=\"4\"><\/textarea>\t\t\t\t<\/div>\n\t\t\t\t\t\t\t\t<div class=\"elementor-field-group elementor-column elementor-field-type-submit elementor-col-100 e-form__buttons\">\n\t\t\t\t\t<button class=\"elementor-button elementor-size-sm\" type=\"submit\">\n\t\t\t\t\t\t<span class=\"elementor-button-content-wrapper\">\n\t\t\t\t\t\t\t\t\t\t\t\t\t\t\t\t\t\t\t\t\t\t<span class=\"elementor-button-text\">Enviar<\/span>\n\t\t\t\t\t\t\t\t\t\t\t\t\t<\/span>\n\t\t\t\t\t<\/button>\n\t\t\t\t<\/div>\n\t\t\t<\/div>\n\t\t<\/form>\n\t\t\t\t\t\t<\/div>\n\t\t\t\t\t<\/div>\n\t\t\t\t<\/div>\n\t\t\t\t<\/div>\n\t\t\t\t\t<\/div>\n\t\t\t\t<\/div>\n\t\t<div class=\"elementor-element elementor-element-8fb5574 e-flex e-con-boxed e-con e-parent\" data-id=\"8fb5574\" data-element_type=\"container\" data-e-type=\"container\" data-settings=\"{&quot;background_background&quot;:&quot;classic&quot;}\">\n\t\t\t\t\t<div class=\"e-con-inner\">\n\t\t\t\t<div class=\"elementor-element elementor-element-8dc7410 elementor-widget elementor-widget-heading\" data-id=\"8dc7410\" data-element_type=\"widget\" data-e-type=\"widget\" data-widget_type=\"heading.default\">\n\t\t\t\t\t<h3 class=\"elementor-heading-title elementor-size-default\">\u00a1TU ayuda puede marcar la diferencia!<\/h3>\t\t\t\t<\/div>\n\t\t\t\t<div class=\"elementor-element elementor-element-35448d8 elementor-widget elementor-widget-text-editor\" data-id=\"35448d8\" data-element_type=\"widget\" data-e-type=\"widget\" data-widget_type=\"text-editor.default\">\n\t\t\t\t\t\t\t\t\t<p>Te invitamos a ser parte de <em>Semillas<\/em> en la misi\u00f3n de sembrar esperanza.<\/p><p>Puedes aportar tu tiempo, recursos o simplemente difundir lo que hacemos para que podamos llevar la palabra de Dios, amor y fe a aquellos que luchan, ayud\u00e1ndoles a encontrar un prop\u00f3sito y una raz\u00f3n para seguir adelante.<\/p>\t\t\t\t\t\t\t\t<\/div>\n\t\t\t\t\t<\/div>\n\t\t\t\t<\/div>\n\t\t\t\t<\/div>\n\t\t","protected":false},"excerpt":{"rendered":"<p>VOLUNTARIOS QUIERO SER VOLUNTARIO \u00a1TU ayuda puede marcar la diferencia! Te invitamos a ser parte de Semillas en la misi\u00f3n de sembrar esperanza. Puedes aportar tu tiempo, recursos o simplemente difundir lo que hacemos para que podamos llevar la palabra de Dios, amor y fe a aquellos que luchan, ayud\u00e1ndoles a encontrar un prop\u00f3sito y [&hellip;]<\/p>\n","protected":false},"author":1,"featured_media":0,"parent":0,"menu_order":0,"comment_status":"closed","ping_status":"closed","template":"","meta":{"footnotes":""},"class_list":["post-2403","page","type-page","status-publish","hentry"],"_links":{"self":[{"href":"https:\/\/semillas.cc\/site\/wp-json\/wp\/v2\/pages\/2403","targetHints":{"allow":["GET"]}}],"collection":[{"href":"https:\/\/semillas.cc\/site\/wp-json\/wp\/v2\/pages"}],"about":[{"href":"https:\/\/semillas.cc\/site\/wp-json\/wp\/v2\/types\/page"}],"author":[{"embeddable":true,"href":"https:\/\/semillas.cc\/site\/wp-json\/wp\/v2\/users\/1"}],"replies":[{"embeddable":true,"href":"https:\/\/semillas.cc\/site\/wp-json\/wp\/v2\/comments?post=2403"}],"version-history":[{"count":46,"href":"https:\/\/semillas.cc\/site\/wp-json\/wp\/v2\/pages\/2403\/revisions"}],"predecessor-version":[{"id":2576,"href":"https:\/\/semillas.cc\/site\/wp-json\/wp\/v2\/pages\/2403\/revisions\/2576"}],"wp:attachment":[{"href":"https:\/\/semillas.cc\/site\/wp-json\/wp\/v2\/media?parent=2403"}],"curies":[{"name":"wp","href":"https:\/\/api.w.org\/{rel}","templated":true}]}}